{"id":583,"date":"2022-07-05T16:58:03","date_gmt":"2022-07-05T16:58:03","guid":{"rendered":"https:\/\/wildseas.wales\/parch\/glannau-mwdlyd-a-thywodlyd\/"},"modified":"2023-12-06T10:48:43","modified_gmt":"2023-12-06T10:48:43","slug":"glannau-mwdlyd-a-thywodlyd","status":"publish","type":"page","link":"https:\/\/wildseas.wales\/cy\/parch\/glannau-mwdlyd-a-thywodlyd\/","title":{"rendered":"Glannau Mwdlyd a Thywodlyd"},"content":{"rendered":"<p>[et_pb_section fb_built=&#8221;1&#8243; fullwidth=&#8221;on&#8221; _builder_version=&#8221;4.17.4&#8243; _module_preset=&#8221;default&#8221; background_image=&#8221;https:\/\/wildseas.wales\/wp-content\/uploads\/2022\/08\/IMG_0038_Sarah_Perry_WTSWW_085c251400e3f8ec85cec367325d396a.jpeg&#8221; global_colors_info=&#8221;{}&#8221;][et_pb_fullwidth_slider _builder_version=&#8221;4.17.4&#8243; _module_preset=&#8221;default&#8221; background_color=&#8221;RGBA(255,255,255,0)&#8221; background_image=&#8221;https:\/\/wildseas.wales\/wp-content\/uploads\/2022\/07\/CCW-Pedryn-Surveys-2008_375_111f41c5f9f7e361fe0552be70503473.jpeg&#8221; global_colors_info=&#8221;{}&#8221;][et_pb_slide admin_title=&#8221;dolphin&#8221; _builder_version=&#8221;4.17.4&#8243; _module_preset=&#8221;default&#8221; background_enable_color=&#8221;off&#8221; background_image=&#8221;https:\/\/wildseas.wales\/wp-content\/uploads\/2022\/07\/whiteBigWave-extralong.png&#8221; background_enable_image=&#8221;on&#8221; background_size=&#8221;contain&#8221; background_position=&#8221;bottom_center&#8221; background_vertical_offset=&#8221;0%&#8221; custom_padding=&#8221;||7em||false|false&#8221; custom_padding_tablet=&#8221;||7em||false|false&#8221; custom_padding_phone=&#8221;||7em||false|false&#8221; custom_padding_last_edited=&#8221;on|phone&#8221; background_last_edited=&#8221;on|desktop&#8221; background_image_phone=&#8221;https:\/\/wildseas.wales\/wp-content\/uploads\/2022\/07\/whiteBigWave-bottom.png&#8221; background_enable_image_phone=&#8221;on&#8221; custom_css_slide_image=&#8221;Width: 100%;||&#8221; border_width_bottom_image=&#8221;45px&#8221; border_color_bottom_image=&#8221;RGBA(255,255,255,0)&#8221; global_colors_info=&#8221;{}&#8221; sticky_transition=&#8221;on&#8221;][\/et_pb_slide][\/et_pb_fullwidth_slider][\/et_pb_section][et_pb_section fb_built=&#8221;1&#8243; custom_padding_last_edited=&#8221;on|phone&#8221; _builder_version=&#8221;4.17.4&#8243; _module_preset=&#8221;default&#8221; background_image=&#8221;https:\/\/wildseas.wales\/wp-content\/uploads\/2022\/08\/lightLongWave.png&#8221; background_size=&#8221;contain&#8221; background_position=&#8221;bottom_center&#8221; background_vertical_offset=&#8221;-1%&#8221; custom_padding=&#8221;0px||134px|||&#8221; custom_padding_tablet=&#8221;||99px||false|false&#8221; custom_padding_phone=&#8221;||49px||false|false&#8221; global_colors_info=&#8221;{}&#8221;][et_pb_row _builder_version=&#8221;4.17.4&#8243; _module_preset=&#8221;default&#8221; global_colors_info=&#8221;{}&#8221;][et_pb_column type=&#8221;4_4&#8243; _builder_version=&#8221;4.17.4&#8243; _module_preset=&#8221;default&#8221; global_colors_info=&#8221;{}&#8221;][et_pb_text _builder_version=&#8221;4.17.4&#8243; _module_preset=&#8221;default&#8221; text_font=&#8221;||||||||&#8221; header_font=&#8221;Fira Sans||||||||&#8221; header_font_size=&#8221;42px&#8221; header_2_line_height=&#8221;1.2em&#8221; header_4_text_color=&#8221;#004059&#8243; header_4_font_size=&#8221;41px&#8221; header_4_line_height=&#8221;1.4em&#8221; header_5_font=&#8221;Fira Sans||||||||&#8221; text_orientation=&#8221;center&#8221; header_4_font_size_tablet=&#8221;38px&#8221; header_4_font_size_phone=&#8221;38px&#8221; header_4_font_size_last_edited=&#8221;on|phone&#8221; global_colors_info=&#8221;{}&#8221;]<\/p>\n<h1>Parch<\/h1>\n<h4>Glannau Mwdlyd a Thywodlyd<\/h4>\n<p>Mae\u2019r glannau hyn yn edrych yn ddiffrwyth ac yn anghroesawus, ond i\u2019r gwrthwyneb. Mae\u2019r holl dywod a mwd yna\u2019n golygu arwynebedd i facteria fod yn sownd ynddo, ac mae llawer o bysgod cregyn, mwydod a chramenogion wedi dysgu i\u2019w wneud yn gartref iddynt. Gallwch ddweud bod bywyd yn gyfoethog trwy sylwi ar yr holl adar sy&#8217;n bwydo, yn enwedig yn y gaeaf. Mae llawer o ffyrdd y mae anifeiliaid yn byw yn y mathau hyn o gynefinoedd ac mae rhai anifeiliaid yn darparu gofal ar gyfer llawer o greaduriaid eraill. Mae gofalu am y llefydd hyn yn golygu bod bywyd oddi fewn, ac uwchben, yn ddiogel.[\/et_pb_text][\/et_pb_column][\/et_pb_row][\/et_pb_section][et_pb_section fb_built=&#8221;1&#8243; custom_padding_last_edited=&#8221;on|phone&#8221; _builder_version=&#8221;4.17.4&#8243; _module_preset=&#8221;default&#8221; background_image=&#8221;https:\/\/wildseas.wales\/wp-content\/uploads\/2022\/08\/lightLongWave.png&#8221; background_size=&#8221;contain&#8221; background_position=&#8221;bottom_center&#8221; background_vertical_offset=&#8221;-1%&#8221; custom_padding=&#8221;0px||134px|||&#8221; custom_padding_tablet=&#8221;||99px||false|false&#8221; custom_padding_phone=&#8221;||49px||false|false&#8221; global_colors_info=&#8221;{}&#8221;][et_pb_row _builder_version=&#8221;4.17.4&#8243; _module_preset=&#8221;default&#8221; global_colors_info=&#8221;{}&#8221;][et_pb_column type=&#8221;4_4&#8243; _builder_version=&#8221;4.17.4&#8243; _module_preset=&#8221;default&#8221; global_colors_info=&#8221;{}&#8221;][et_pb_text _builder_version=&#8221;4.17.4&#8243; _module_preset=&#8221;default&#8221; text_font=&#8221;||||||||&#8221; header_font=&#8221;Fira Sans||||||||&#8221; header_font_size=&#8221;42px&#8221; header_2_line_height=&#8221;1.2em&#8221; header_4_text_color=&#8221;#004059&#8243; header_4_font_size=&#8221;41px&#8221; header_4_line_height=&#8221;1.4em&#8221; header_5_font=&#8221;Fira Sans||||||||&#8221; text_orientation=&#8221;center&#8221; header_4_font_size_tablet=&#8221;38px&#8221; header_4_font_size_phone=&#8221;38px&#8221; header_4_font_size_last_edited=&#8221;on|phone&#8221; global_colors_info=&#8221;{}&#8221;]<\/p>\n<h1>Sut i ryngweithio \u00e2 Glannau Mwdlyd a Thywodlyd<\/h1>\n<p>[\/et_pb_text][\/et_pb_column][\/et_pb_row][et_pb_row column_structure=&#8221;1_3,1_3,1_3&#8243; _builder_version=&#8221;4.22.2&#8243; _module_preset=&#8221;default&#8221; global_colors_info=&#8221;{}&#8221;][et_pb_column type=&#8221;1_3&#8243; _builder_version=&#8221;4.22.2&#8243; _module_preset=&#8221;default&#8221; global_colors_info=&#8221;{}&#8221;][et_pb_video src=&#8221;https:\/\/youtu.be\/OdtAUenwzqo&#8221; image_src=&#8221;\/\/i.ytimg.com\/vi\/OdtAUenwzqo\/hqdefault.jpg&#8221; _builder_version=&#8221;4.22.2&#8243; _module_preset=&#8221;default&#8221; global_colors_info=&#8221;{}&#8221;][\/et_pb_video][et_pb_text _builder_version=&#8221;4.22.2&#8243; _module_preset=&#8221;default&#8221; header_4_text_color=&#8221;#004059&#8243; custom_margin=&#8221;-15px||||false|false&#8221; custom_padding=&#8221;0px||||false|false&#8221; link_option_url=&#8221;https:\/\/youtu.be\/OdtAUenwzqo&#8221; link_option_url_new_window=&#8221;on&#8221; global_colors_info=&#8221;{}&#8221;]<\/p>\n<h4 style=\"text-align: center;\">Eberoedd ac ar draethau<\/h4>\n<p>[\/et_pb_text][\/et_pb_column][et_pb_column type=&#8221;1_3&#8243; _builder_version=&#8221;4.22.2&#8243; _module_preset=&#8221;default&#8221; global_colors_info=&#8221;{}&#8221;][et_pb_video src=&#8221;https:\/\/youtu.be\/11eqsyOAXTY&#8221; image_src=&#8221;\/\/i.ytimg.com\/vi\/11eqsyOAXTY\/hqdefault.jpg&#8221; _builder_version=&#8221;4.22.2&#8243; _module_preset=&#8221;default&#8221; global_colors_info=&#8221;{}&#8221;][\/et_pb_video][et_pb_text _builder_version=&#8221;4.22.2&#8243; _module_preset=&#8221;default&#8221; header_4_text_color=&#8221;#004059&#8243; custom_margin=&#8221;-15px||||false|false&#8221; custom_padding=&#8221;0px||||false|false&#8221; link_option_url=&#8221;https:\/\/youtu.be\/11eqsyOAXTY&#8221; link_option_url_new_window=&#8221;on&#8221; global_colors_info=&#8221;{}&#8221;]<\/p>\n<h4 style=\"text-align: center;\">Gwylio bywyd gwyllt<\/h4>\n<p>[\/et_pb_text][\/et_pb_column][et_pb_column type=&#8221;1_3&#8243; _builder_version=&#8221;4.22.2&#8243; _module_preset=&#8221;default&#8221; global_colors_info=&#8221;{}&#8221;][et_pb_video src=&#8221;https:\/\/youtu.be\/P2UqbUc0r1w&#8221; image_src=&#8221;\/\/i.ytimg.com\/vi\/P2UqbUc0r1w\/hqdefault.jpg&#8221; _builder_version=&#8221;4.22.2&#8243; _module_preset=&#8221;default&#8221; global_colors_info=&#8221;{}&#8221;][\/et_pb_video][et_pb_text _builder_version=&#8221;4.22.2&#8243; _module_preset=&#8221;default&#8221; header_4_text_color=&#8221;#004059&#8243; custom_margin=&#8221;-15px||||false|false&#8221; custom_padding=&#8221;0px||||false|false&#8221; link_option_url=&#8221;https:\/\/youtu.be\/P2UqbUc0r1w&#8221; link_option_url_new_window=&#8221;on&#8221; global_colors_info=&#8221;{}&#8221;]<\/p>\n<h4 style=\"text-align: center;\">Bywyd gwyllt rhyfeddol<\/h4>\n<p>[\/et_pb_text][\/et_pb_column][\/et_pb_row][\/et_pb_section][et_pb_section fb_built=&#8221;1&#8243; custom_padding_last_edited=&#8221;on|phone&#8221; _builder_version=&#8221;4.17.4&#8243; _module_preset=&#8221;default&#8221; background_color=&#8221;#F0F0F0&#8243; background_image=&#8221;https:\/\/wildseas.wales\/wp-content\/uploads\/2022\/07\/whiteBigWave-extralong.png&#8221; background_size=&#8221;contain&#8221; background_position=&#8221;bottom_center&#8221; background_vertical_offset=&#8221;0%&#8221; custom_padding=&#8221;0px||134px|||&#8221; custom_padding_tablet=&#8221;||84px||false|false&#8221; custom_padding_phone=&#8221;||74px||false|false&#8221; global_colors_info=&#8221;{}&#8221;][et_pb_row _builder_version=&#8221;4.17.4&#8243; _module_preset=&#8221;default&#8221; custom_padding=&#8221;||0px|||&#8221; global_colors_info=&#8221;{}&#8221;][et_pb_column type=&#8221;4_4&#8243; _builder_version=&#8221;4.17.4&#8243; _module_preset=&#8221;default&#8221; global_colors_info=&#8221;{}&#8221;][et_pb_text _builder_version=&#8221;4.17.4&#8243; _module_preset=&#8221;default&#8221; header_2_line_height=&#8221;1.4em&#8221; text_orientation=&#8221;center&#8221; global_colors_info=&#8221;{}&#8221;]<\/p>\n<h2>Sut i ofalu am Glannau Mwdlyd a Thywodlyd<\/h2>\n<p>[\/et_pb_text][\/et_pb_column][\/et_pb_row][et_pb_row column_structure=&#8221;1_3,1_3,1_3&#8243; _builder_version=&#8221;4.17.4&#8243; _module_preset=&#8221;default&#8221; global_colors_info=&#8221;{}&#8221;][et_pb_column type=&#8221;1_3&#8243; _builder_version=&#8221;4.17.4&#8243; _module_preset=&#8221;default&#8221; global_colors_info=&#8221;{}&#8221;][et_pb_blurb image=&#8221;https:\/\/wildseas.wales\/wp-content\/uploads\/2022\/08\/NVW-C78-1112-0843_1cdc8b8acfa0f7242b6af3a22a384d78.jpeg&#8221; _builder_version=&#8221;4.17.4&#8243; _module_preset=&#8221;default&#8221; body_font_size=&#8221;15px&#8221; body_line_height=&#8221;1.5em&#8221; image_icon_custom_margin=&#8221;||||false|false&#8221; image_icon_custom_padding=&#8221;||||false|false&#8221; text_orientation=&#8221;center&#8221; custom_margin=&#8221;||1em||false|false&#8221; custom_css_blurb_image=&#8221;margin-bottom: 1em;&#8221; global_colors_info=&#8221;{}&#8221;]Gall llanw isel ddatgelu rhai cynefinoedd prin a bregus iawn, fel gwelyau morwellt. Os ydych chi allan ar y gwastadeddau llaid hyn, cerddwch o amgylch morwellt yn hytrach nag arno.[\/et_pb_blurb][\/et_pb_column][et_pb_column type=&#8221;1_3&#8243; _builder_version=&#8221;4.17.4&#8243; _module_preset=&#8221;default&#8221; global_colors_info=&#8221;{}&#8221;][et_pb_blurb image=&#8221;https:\/\/wildseas.wales\/wp-content\/uploads\/2022\/08\/Natural-Resources-Wales_25708_ba64bd18b6436e842251f63050b325c3.jpeg&#8221; _builder_version=&#8221;4.17.4&#8243; _module_preset=&#8221;default&#8221; body_font_size=&#8221;15px&#8221; body_line_height=&#8221;1.5em&#8221; image_icon_custom_margin=&#8221;||||false|false&#8221; image_icon_custom_padding=&#8221;||||false|false&#8221; text_orientation=&#8221;center&#8221; custom_margin=&#8221;||1em||false|false&#8221; custom_css_blurb_image=&#8221;margin-bottom: 1em;&#8221; global_colors_info=&#8221;{}&#8221;]Pan fydd y llanw&#8217;n mynd i mewn, lleihewch eich cyflymder os ydych yn croesi dros welyau morwellt mewn cwch \u00e2 ph\u0175er, a pheidiwch \u00e2 gollwng angor yn yr ardaloedd hyn.[\/et_pb_blurb][\/et_pb_column][et_pb_column type=&#8221;1_3&#8243; _builder_version=&#8221;4.17.4&#8243; _module_preset=&#8221;default&#8221; global_colors_info=&#8221;{}&#8221;][et_pb_blurb image=&#8221;https:\/\/wildseas.wales\/wp-content\/uploads\/2022\/08\/Natural-Resources-Wales_23984_b62f5e06c2fcabe86f8fea56f02c6123.jpeg&#8221; _builder_version=&#8221;4.17.4&#8243; _module_preset=&#8221;default&#8221; body_font_size=&#8221;15px&#8221; body_line_height=&#8221;1.5em&#8221; image_icon_custom_margin=&#8221;||||false|false&#8221; image_icon_custom_padding=&#8221;||||false|false&#8221; text_orientation=&#8221;center&#8221; custom_margin=&#8221;||1em||false|false&#8221; custom_css_blurb_image=&#8221;margin-bottom: 1em;&#8221; global_colors_info=&#8221;{}&#8221;]Os ydych chi\u2019n cloddio am abwyd ar wastadeddau llaid ar lanw isel, helpwch y cynefin i ffynnu trwy beidio \u00e2 chymryd mwy nag sydd ei angen arnoch, ac ail-lenwi\u2019r twll rydych chi wedi\u2019i balu bob amser.[\/et_pb_blurb][\/et_pb_column][\/et_pb_row][et_pb_row column_structure=&#8221;1_2,1_2&#8243; use_custom_gutter=&#8221;on&#8221; gutter_width=&#8221;4&#8243; _builder_version=&#8221;4.17.4&#8243; _module_preset=&#8221;default&#8221; width=&#8221;52%&#8221; width_tablet=&#8221;100%&#8221; width_phone=&#8221;80%&#8221; width_last_edited=&#8221;on|tablet&#8221; custom_padding=&#8221;0px|||||&#8221; global_colors_info=&#8221;{}&#8221;][et_pb_column type=&#8221;1_2&#8243; _builder_version=&#8221;4.17.4&#8243; _module_preset=&#8221;default&#8221; global_colors_info=&#8221;{}&#8221;][et_pb_blurb image=&#8221;https:\/\/wildseas.wales\/wp-content\/uploads\/2022\/08\/Natural-Resources-Wales_25743_62e74d12863b2c8b7b152fe0cec59d85.jpeg&#8221; _builder_version=&#8221;4.17.4&#8243; _module_preset=&#8221;default&#8221; body_font_size=&#8221;15px&#8221; body_line_height=&#8221;1.5em&#8221; image_icon_custom_margin=&#8221;||||false|false&#8221; image_icon_custom_padding=&#8221;||||false|false&#8221; text_orientation=&#8221;center&#8221; custom_margin=&#8221;||1em||false|false&#8221; custom_css_blurb_image=&#8221;margin-bottom: 1em;&#8221; global_colors_info=&#8221;{}&#8221;]Gall llanw isel ddatgelu cynefinoedd prin a bregus iawn, fel gwelyau morwellt a \u2018riffiau\u2019 y llyngyren ddiliau.[\/et_pb_blurb][\/et_pb_column][et_pb_column type=&#8221;1_2&#8243; _builder_version=&#8221;4.17.4&#8243; _module_preset=&#8221;default&#8221; global_colors_info=&#8221;{}&#8221;][et_pb_blurb image=&#8221;https:\/\/wildseas.wales\/wp-content\/uploads\/2022\/08\/Natural-Resources-Wales_11158_b6f7361f17ebc9cfa22ea1c39ec632ae.jpeg&#8221; _builder_version=&#8221;4.17.4&#8243; _module_preset=&#8221;default&#8221; body_font_size=&#8221;15px&#8221; body_line_height=&#8221;1.5em&#8221; image_icon_custom_margin=&#8221;||||false|false&#8221; image_icon_custom_padding=&#8221;||||false|false&#8221; text_orientation=&#8221;center&#8221; custom_margin=&#8221;||1em||false|false&#8221; custom_css_blurb_image=&#8221;margin-bottom: 1em;&#8221; global_colors_info=&#8221;{}&#8221;]Os ydych allan ar y fflatiau llaid hyn, cerddwch o amgylch y cynefinoedd hyn yn hytrach na drostyn nhw.[\/et_pb_blurb][\/et_pb_column][\/et_pb_row][\/et_pb_section]<\/p>\n","protected":false},"excerpt":{"rendered":"<p>Parch Glannau Mwdlyd a Thywodlyd Mae\u2019r glannau hyn yn edrych yn ddiffrwyth ac yn anghroesawus, ond i\u2019r gwrthwyneb. Mae\u2019r holl dywod a mwd yna\u2019n golygu arwynebedd i facteria fod yn sownd ynddo, ac mae llawer o bysgod cregyn, mwydod a chramenogion wedi dysgu i\u2019w wneud yn gartref iddynt. Gallwch ddweud bod bywyd yn gyfoethog trwy [&hellip;]<\/p>\n","protected":false},"author":1,"featured_media":0,"parent":571,"menu_order":0,"comment_status":"closed","ping_status":"closed","template":"","meta":{"_et_pb_use_builder":"on","_et_pb_old_content":"","_et_gb_content_width":"","footnotes":""},"class_list":["post-583","page","type-page","status-publish","hentry"],"yoast_head":"<!-- This site is optimized with the Yoast SEO plugin v27.4 - https:\/\/yoast.com\/product\/yoast-seo-wordpress\/ -->\n<title>Glannau Mwdlyd a Thywodlyd | Wild Seas Wales<\/title>\n<meta name=\"robots\" content=\"index, follow, max-snippet:-1, max-image-preview:large, max-video-preview:-1\" \/>\n<link rel=\"canonical\" href=\"https:\/\/wildseas.wales\/cy\/parch\/glannau-mwdlyd-a-thywodlyd\/\" \/>\n<meta property=\"og:locale\" content=\"cy_GB\" \/>\n<meta property=\"og:type\" content=\"article\" \/>\n<meta property=\"og:title\" content=\"Glannau Mwdlyd a Thywodlyd | Wild Seas Wales\" \/>\n<meta property=\"og:description\" content=\"Parch Glannau Mwdlyd a Thywodlyd Mae\u2019r glannau hyn yn edrych yn ddiffrwyth ac yn anghroesawus, ond i\u2019r gwrthwyneb. Mae\u2019r holl dywod a mwd yna\u2019n golygu arwynebedd i facteria fod yn sownd ynddo, ac mae llawer o bysgod cregyn, mwydod a chramenogion wedi dysgu i\u2019w wneud yn gartref iddynt. Gallwch ddweud bod bywyd yn gyfoethog trwy [&hellip;]\" \/>\n<meta property=\"og:url\" content=\"https:\/\/wildseas.wales\/cy\/parch\/glannau-mwdlyd-a-thywodlyd\/\" \/>\n<meta property=\"og:site_name\" content=\"Wild Seas Wales\" \/>\n<meta property=\"article:publisher\" content=\"https:\/\/facebook.com\/wildseaswales\" \/>\n<meta property=\"article:modified_time\" content=\"2023-12-06T10:48:43+00:00\" \/>\n<meta property=\"og:image\" content=\"https:\/\/wildseas.wales\/wp-content\/uploads\/2023\/08\/Wild-Seas-Wales.png\" \/>\n\t<meta property=\"og:image:width\" content=\"1200\" \/>\n\t<meta property=\"og:image:height\" content=\"675\" \/>\n\t<meta property=\"og:image:type\" content=\"image\/png\" \/>\n<meta name=\"twitter:card\" content=\"summary_large_image\" \/>\n<meta name=\"twitter:site\" content=\"@wildseaswales\" \/>\n<meta name=\"twitter:label1\" content=\"Est. reading time\" \/>\n\t<meta name=\"twitter:data1\" content=\"8 minutes\" \/>\n<script type=\"application\/ld+json\" class=\"yoast-schema-graph\">{\"@context\":\"https:\\\/\\\/schema.org\",\"@graph\":[{\"@type\":\"WebPage\",\"@id\":\"https:\\\/\\\/wildseas.wales\\\/cy\\\/parch\\\/glannau-mwdlyd-a-thywodlyd\\\/\",\"url\":\"https:\\\/\\\/wildseas.wales\\\/cy\\\/parch\\\/glannau-mwdlyd-a-thywodlyd\\\/\",\"name\":\"Glannau Mwdlyd a Thywodlyd | Wild Seas Wales\",\"isPartOf\":{\"@id\":\"https:\\\/\\\/wildseas.wales\\\/cy\\\/#website\"},\"datePublished\":\"2022-07-05T16:58:03+00:00\",\"dateModified\":\"2023-12-06T10:48:43+00:00\",\"breadcrumb\":{\"@id\":\"https:\\\/\\\/wildseas.wales\\\/cy\\\/parch\\\/glannau-mwdlyd-a-thywodlyd\\\/#breadcrumb\"},\"inLanguage\":\"cy-GB\",\"potentialAction\":[{\"@type\":\"ReadAction\",\"target\":[\"https:\\\/\\\/wildseas.wales\\\/cy\\\/parch\\\/glannau-mwdlyd-a-thywodlyd\\\/\"]}]},{\"@type\":\"BreadcrumbList\",\"@id\":\"https:\\\/\\\/wildseas.wales\\\/cy\\\/parch\\\/glannau-mwdlyd-a-thywodlyd\\\/#breadcrumb\",\"itemListElement\":[{\"@type\":\"ListItem\",\"position\":1,\"name\":\"Home\",\"item\":\"https:\\\/\\\/wildseas.wales\\\/cy\\\/moroedd-gwyllt-cymru\\\/\"},{\"@type\":\"ListItem\",\"position\":2,\"name\":\"Parch\",\"item\":\"https:\\\/\\\/wildseas.wales\\\/cy\\\/parch\\\/\"},{\"@type\":\"ListItem\",\"position\":3,\"name\":\"Glannau Mwdlyd a Thywodlyd\"}]},{\"@type\":\"WebSite\",\"@id\":\"https:\\\/\\\/wildseas.wales\\\/cy\\\/#website\",\"url\":\"https:\\\/\\\/wildseas.wales\\\/cy\\\/\",\"name\":\"Wild Seas Wales\",\"description\":\"Discover \u2022 Enjoy \u2022 Respect\",\"publisher\":{\"@id\":\"https:\\\/\\\/wildseas.wales\\\/cy\\\/#organization\"},\"potentialAction\":[{\"@type\":\"SearchAction\",\"target\":{\"@type\":\"EntryPoint\",\"urlTemplate\":\"https:\\\/\\\/wildseas.wales\\\/cy\\\/?s={search_term_string}\"},\"query-input\":{\"@type\":\"PropertyValueSpecification\",\"valueRequired\":true,\"valueName\":\"search_term_string\"}}],\"inLanguage\":\"cy-GB\"},{\"@type\":\"Organization\",\"@id\":\"https:\\\/\\\/wildseas.wales\\\/cy\\\/#organization\",\"name\":\"Wild Seas Wales\",\"url\":\"https:\\\/\\\/wildseas.wales\\\/cy\\\/\",\"logo\":{\"@type\":\"ImageObject\",\"inLanguage\":\"cy-GB\",\"@id\":\"https:\\\/\\\/wildseas.wales\\\/cy\\\/#\\\/schema\\\/logo\\\/image\\\/\",\"url\":\"https:\\\/\\\/wildseas.wales\\\/wp-content\\\/uploads\\\/2022\\\/09\\\/WILD-SEAS-WALES.svg\",\"contentUrl\":\"https:\\\/\\\/wildseas.wales\\\/wp-content\\\/uploads\\\/2022\\\/09\\\/WILD-SEAS-WALES.svg\",\"width\":216,\"height\":129,\"caption\":\"Wild Seas Wales\"},\"image\":{\"@id\":\"https:\\\/\\\/wildseas.wales\\\/cy\\\/#\\\/schema\\\/logo\\\/image\\\/\"},\"sameAs\":[\"https:\\\/\\\/facebook.com\\\/wildseaswales\",\"https:\\\/\\\/x.com\\\/wildseaswales\",\"https:\\\/\\\/instagram.com\\\/wildseaswales\"]}]}<\/script>\n<!-- \/ Yoast SEO plugin. -->","yoast_head_json":{"title":"Glannau Mwdlyd a Thywodlyd | Wild Seas Wales","robots":{"index":"index","follow":"follow","max-snippet":"max-snippet:-1","max-image-preview":"max-image-preview:large","max-video-preview":"max-video-preview:-1"},"canonical":"https:\/\/wildseas.wales\/cy\/parch\/glannau-mwdlyd-a-thywodlyd\/","og_locale":"cy_GB","og_type":"article","og_title":"Glannau Mwdlyd a Thywodlyd | Wild Seas Wales","og_description":"Parch Glannau Mwdlyd a Thywodlyd Mae\u2019r glannau hyn yn edrych yn ddiffrwyth ac yn anghroesawus, ond i\u2019r gwrthwyneb. Mae\u2019r holl dywod a mwd yna\u2019n golygu arwynebedd i facteria fod yn sownd ynddo, ac mae llawer o bysgod cregyn, mwydod a chramenogion wedi dysgu i\u2019w wneud yn gartref iddynt. Gallwch ddweud bod bywyd yn gyfoethog trwy [&hellip;]","og_url":"https:\/\/wildseas.wales\/cy\/parch\/glannau-mwdlyd-a-thywodlyd\/","og_site_name":"Wild Seas Wales","article_publisher":"https:\/\/facebook.com\/wildseaswales","article_modified_time":"2023-12-06T10:48:43+00:00","og_image":[{"width":1200,"height":675,"url":"https:\/\/wildseas.wales\/wp-content\/uploads\/2023\/08\/Wild-Seas-Wales.png","type":"image\/png"}],"twitter_card":"summary_large_image","twitter_site":"@wildseaswales","twitter_misc":{"Est. reading time":"8 minutes"},"schema":{"@context":"https:\/\/schema.org","@graph":[{"@type":"WebPage","@id":"https:\/\/wildseas.wales\/cy\/parch\/glannau-mwdlyd-a-thywodlyd\/","url":"https:\/\/wildseas.wales\/cy\/parch\/glannau-mwdlyd-a-thywodlyd\/","name":"Glannau Mwdlyd a Thywodlyd | Wild Seas Wales","isPartOf":{"@id":"https:\/\/wildseas.wales\/cy\/#website"},"datePublished":"2022-07-05T16:58:03+00:00","dateModified":"2023-12-06T10:48:43+00:00","breadcrumb":{"@id":"https:\/\/wildseas.wales\/cy\/parch\/glannau-mwdlyd-a-thywodlyd\/#breadcrumb"},"inLanguage":"cy-GB","potentialAction":[{"@type":"ReadAction","target":["https:\/\/wildseas.wales\/cy\/parch\/glannau-mwdlyd-a-thywodlyd\/"]}]},{"@type":"BreadcrumbList","@id":"https:\/\/wildseas.wales\/cy\/parch\/glannau-mwdlyd-a-thywodlyd\/#breadcrumb","itemListElement":[{"@type":"ListItem","position":1,"name":"Home","item":"https:\/\/wildseas.wales\/cy\/moroedd-gwyllt-cymru\/"},{"@type":"ListItem","position":2,"name":"Parch","item":"https:\/\/wildseas.wales\/cy\/parch\/"},{"@type":"ListItem","position":3,"name":"Glannau Mwdlyd a Thywodlyd"}]},{"@type":"WebSite","@id":"https:\/\/wildseas.wales\/cy\/#website","url":"https:\/\/wildseas.wales\/cy\/","name":"Wild Seas Wales","description":"Discover \u2022 Enjoy \u2022 Respect","publisher":{"@id":"https:\/\/wildseas.wales\/cy\/#organization"},"potentialAction":[{"@type":"SearchAction","target":{"@type":"EntryPoint","urlTemplate":"https:\/\/wildseas.wales\/cy\/?s={search_term_string}"},"query-input":{"@type":"PropertyValueSpecification","valueRequired":true,"valueName":"search_term_string"}}],"inLanguage":"cy-GB"},{"@type":"Organization","@id":"https:\/\/wildseas.wales\/cy\/#organization","name":"Wild Seas Wales","url":"https:\/\/wildseas.wales\/cy\/","logo":{"@type":"ImageObject","inLanguage":"cy-GB","@id":"https:\/\/wildseas.wales\/cy\/#\/schema\/logo\/image\/","url":"https:\/\/wildseas.wales\/wp-content\/uploads\/2022\/09\/WILD-SEAS-WALES.svg","contentUrl":"https:\/\/wildseas.wales\/wp-content\/uploads\/2022\/09\/WILD-SEAS-WALES.svg","width":216,"height":129,"caption":"Wild Seas Wales"},"image":{"@id":"https:\/\/wildseas.wales\/cy\/#\/schema\/logo\/image\/"},"sameAs":["https:\/\/facebook.com\/wildseaswales","https:\/\/x.com\/wildseaswales","https:\/\/instagram.com\/wildseaswales"]}]}},"_links":{"self":[{"href":"https:\/\/wildseas.wales\/cy\/wp-json\/wp\/v2\/pages\/583","targetHints":{"allow":["GET"]}}],"collection":[{"href":"https:\/\/wildseas.wales\/cy\/wp-json\/wp\/v2\/pages"}],"about":[{"href":"https:\/\/wildseas.wales\/cy\/wp-json\/wp\/v2\/types\/page"}],"author":[{"embeddable":true,"href":"https:\/\/wildseas.wales\/cy\/wp-json\/wp\/v2\/users\/1"}],"replies":[{"embeddable":true,"href":"https:\/\/wildseas.wales\/cy\/wp-json\/wp\/v2\/comments?post=583"}],"version-history":[{"count":4,"href":"https:\/\/wildseas.wales\/cy\/wp-json\/wp\/v2\/pages\/583\/revisions"}],"predecessor-version":[{"id":1543,"href":"https:\/\/wildseas.wales\/cy\/wp-json\/wp\/v2\/pages\/583\/revisions\/1543"}],"up":[{"embeddable":true,"href":"https:\/\/wildseas.wales\/cy\/wp-json\/wp\/v2\/pages\/571"}],"wp:attachment":[{"href":"https:\/\/wildseas.wales\/cy\/wp-json\/wp\/v2\/media?parent=583"}],"curies":[{"name":"wp","href":"https:\/\/api.w.org\/{rel}","templated":true}]}}