{"id":586,"date":"2022-07-05T16:57:44","date_gmt":"2022-07-05T16:57:44","guid":{"rendered":"https:\/\/wildseas.wales\/parch\/glannau-creigiog\/"},"modified":"2023-12-06T10:47:13","modified_gmt":"2023-12-06T10:47:13","slug":"glannau-creigiog","status":"publish","type":"page","link":"https:\/\/wildseas.wales\/cy\/parch\/glannau-creigiog\/","title":{"rendered":"Glannau Creigiog"},"content":{"rendered":"<p>[et_pb_section fb_built=&#8221;1&#8243; fullwidth=&#8221;on&#8221; _builder_version=&#8221;4.17.4&#8243; _module_preset=&#8221;default&#8221; background_image=&#8221;https:\/\/wildseas.wales\/wp-content\/uploads\/2022\/08\/Seal-pups-Skomer-MCZ-PN_75aa240c4b9e4b15d09561811c1148d1.jpeg&#8221; global_colors_info=&#8221;{}&#8221;][et_pb_fullwidth_slider _builder_version=&#8221;4.17.4&#8243; _module_preset=&#8221;default&#8221; background_color=&#8221;RGBA(255,255,255,0)&#8221; background_image=&#8221;https:\/\/wildseas.wales\/wp-content\/uploads\/2022\/07\/CCW-Pedryn-Surveys-2008_375_111f41c5f9f7e361fe0552be70503473.jpeg&#8221; global_colors_info=&#8221;{}&#8221;][et_pb_slide admin_title=&#8221;dolphin&#8221; _builder_version=&#8221;4.17.4&#8243; _module_preset=&#8221;default&#8221; background_enable_color=&#8221;off&#8221; background_image=&#8221;https:\/\/wildseas.wales\/wp-content\/uploads\/2022\/07\/whiteBigWave-extralong.png&#8221; background_enable_image=&#8221;on&#8221; background_size=&#8221;contain&#8221; background_position=&#8221;bottom_center&#8221; background_vertical_offset=&#8221;0%&#8221; custom_padding=&#8221;||7em||false|false&#8221; custom_padding_tablet=&#8221;||7em||false|false&#8221; custom_padding_phone=&#8221;||7em||false|false&#8221; custom_padding_last_edited=&#8221;on|phone&#8221; background_last_edited=&#8221;on|desktop&#8221; background_image_phone=&#8221;https:\/\/wildseas.wales\/wp-content\/uploads\/2022\/07\/whiteBigWave-bottom.png&#8221; background_enable_image_phone=&#8221;on&#8221; custom_css_slide_image=&#8221;Width: 100%;||&#8221; border_width_bottom_image=&#8221;45px&#8221; border_color_bottom_image=&#8221;RGBA(255,255,255,0)&#8221; global_colors_info=&#8221;{}&#8221; sticky_transition=&#8221;on&#8221;][\/et_pb_slide][\/et_pb_fullwidth_slider][\/et_pb_section][et_pb_section fb_built=&#8221;1&#8243; custom_padding_last_edited=&#8221;on|phone&#8221; _builder_version=&#8221;4.17.4&#8243; _module_preset=&#8221;default&#8221; background_image=&#8221;https:\/\/wildseas.wales\/wp-content\/uploads\/2022\/08\/lightLongWave.png&#8221; background_size=&#8221;contain&#8221; background_position=&#8221;bottom_center&#8221; background_vertical_offset=&#8221;-1%&#8221; custom_padding=&#8221;0px||134px|||&#8221; custom_padding_tablet=&#8221;||99px||false|false&#8221; custom_padding_phone=&#8221;||49px||false|false&#8221; global_colors_info=&#8221;{}&#8221;][et_pb_row _builder_version=&#8221;4.17.4&#8243; _module_preset=&#8221;default&#8221; global_colors_info=&#8221;{}&#8221;][et_pb_column type=&#8221;4_4&#8243; _builder_version=&#8221;4.17.4&#8243; _module_preset=&#8221;default&#8221; global_colors_info=&#8221;{}&#8221;][et_pb_text _builder_version=&#8221;4.17.4&#8243; _module_preset=&#8221;default&#8221; text_font=&#8221;||||||||&#8221; header_font=&#8221;Fira Sans||||||||&#8221; header_font_size=&#8221;42px&#8221; header_2_line_height=&#8221;1.2em&#8221; header_4_text_color=&#8221;#004059&#8243; header_4_font_size=&#8221;41px&#8221; header_4_line_height=&#8221;1.4em&#8221; header_5_font=&#8221;Fira Sans||||||||&#8221; text_orientation=&#8221;center&#8221; header_4_font_size_tablet=&#8221;38px&#8221; header_4_font_size_phone=&#8221;38px&#8221; header_4_font_size_last_edited=&#8221;on|phone&#8221; global_colors_info=&#8221;{}&#8221;]<\/p>\n<h1>Parch<\/h1>\n<h4>Glannau Creigiog<\/h4>\n<p>Gall glannau creigiog fod yn llefydd amrywiol iawn o ran nifer y gwahanol rywogaethau sy&#8217;n byw yno. Mae anifeiliaid yn defnyddio diogelwch holltau, creigiau a gwymon er mwyn bod yn sownd ynddynt, bwydo arnynt neu i guddio yn eu mysg. Ystyrir yr ardal rhwng y llanw uchel ac isel fel un o\u2019r llefydd mwyaf peryglus ar y blaned i fyw ynddi. Yn ystod y dydd, mae\u2019n rhaid i\u2019r creaduriaid sy\u2019n byw ar y traeth creigiog ymdopi \u00e2 lefelau gwahanol o halen yn y d\u0175r, sychu, cynhesu neu oeri, neu gael eu bwyta mewn man a all gael ei daro\u2019n aml gan donnau byrlymog. Mae sicrhau ein bod yn gofalu am y cynefin arbennig hwn a\u2019i fywyd gwyllt yn un peth yn llai iddynt boeni amdano.[\/et_pb_text][\/et_pb_column][\/et_pb_row][\/et_pb_section][et_pb_section fb_built=&#8221;1&#8243; custom_padding_last_edited=&#8221;on|phone&#8221; _builder_version=&#8221;4.17.4&#8243; _module_preset=&#8221;default&#8221; background_image=&#8221;https:\/\/wildseas.wales\/wp-content\/uploads\/2022\/08\/lightLongWave.png&#8221; background_size=&#8221;contain&#8221; background_position=&#8221;bottom_center&#8221; background_vertical_offset=&#8221;-1%&#8221; custom_padding=&#8221;0px||134px|||&#8221; custom_padding_tablet=&#8221;||99px||false|false&#8221; custom_padding_phone=&#8221;||49px||false|false&#8221; global_colors_info=&#8221;{}&#8221;][et_pb_row _builder_version=&#8221;4.17.4&#8243; _module_preset=&#8221;default&#8221; global_colors_info=&#8221;{}&#8221;][et_pb_column type=&#8221;4_4&#8243; _builder_version=&#8221;4.17.4&#8243; _module_preset=&#8221;default&#8221; global_colors_info=&#8221;{}&#8221;][et_pb_text _builder_version=&#8221;4.17.4&#8243; _module_preset=&#8221;default&#8221; text_font=&#8221;||||||||&#8221; header_font=&#8221;Fira Sans||||||||&#8221; header_font_size=&#8221;42px&#8221; header_2_line_height=&#8221;1.2em&#8221; header_4_text_color=&#8221;#004059&#8243; header_4_font_size=&#8221;41px&#8221; header_4_line_height=&#8221;1.4em&#8221; header_5_font=&#8221;Fira Sans||||||||&#8221; text_orientation=&#8221;center&#8221; custom_padding=&#8221;||0px|||&#8221; header_4_font_size_tablet=&#8221;38px&#8221; header_4_font_size_phone=&#8221;38px&#8221; header_4_font_size_last_edited=&#8221;on|phone&#8221; global_colors_info=&#8221;{}&#8221;]<\/p>\n<h1>Sut i ryngweithio \u00e2 glannau creigiog<\/h1>\n<p>&nbsp;<\/p>\n<p>[\/et_pb_text][\/et_pb_column][\/et_pb_row][et_pb_row column_structure=&#8221;1_3,1_3,1_3&#8243; _builder_version=&#8221;4.22.2&#8243; _module_preset=&#8221;default&#8221; global_colors_info=&#8221;{}&#8221;][et_pb_column type=&#8221;1_3&#8243; _builder_version=&#8221;4.22.2&#8243; _module_preset=&#8221;default&#8221; global_colors_info=&#8221;{}&#8221;][et_pb_video src=&#8221;https:\/\/youtu.be\/5sFbypGt73k&#8221; _builder_version=&#8221;4.22.2&#8243; _module_preset=&#8221;default&#8221; global_colors_info=&#8221;{}&#8221;][\/et_pb_video][et_pb_text _builder_version=&#8221;4.22.2&#8243; _module_preset=&#8221;default&#8221; header_4_text_color=&#8221;#004059&#8243; custom_margin=&#8221;-15px||||false|false&#8221; custom_padding=&#8221;0px||||false|false&#8221; link_option_url=&#8221;https:\/\/youtu.be\/5sFbypGt73k&#8221; link_option_url_new_window=&#8221;on&#8221; global_colors_info=&#8221;{}&#8221;]<\/p>\n<h4 style=\"text-align: center;\">Pyllau glan m\u00f4r<\/h4>\n<p>[\/et_pb_text][\/et_pb_column][et_pb_column type=&#8221;1_3&#8243; _builder_version=&#8221;4.22.2&#8243; _module_preset=&#8221;default&#8221; global_colors_info=&#8221;{}&#8221;][et_pb_video src=&#8221;https:\/\/youtu.be\/ikfacEw0CXo&#8221; image_src=&#8221;\/\/i.ytimg.com\/vi\/ikfacEw0CXo\/hqdefault.jpg&#8221; _builder_version=&#8221;4.22.2&#8243; _module_preset=&#8221;default&#8221; global_colors_info=&#8221;{}&#8221;][\/et_pb_video][et_pb_text _builder_version=&#8221;4.22.2&#8243; _module_preset=&#8221;default&#8221; header_4_text_color=&#8221;#004059&#8243; custom_margin=&#8221;-15px||||false|false&#8221; custom_padding=&#8221;0px||||false|false&#8221; link_option_url=&#8221;https:\/\/youtu.be\/ikfacEw0CXo&#8221; link_option_url_new_window=&#8221;on&#8221; global_colors_info=&#8221;{}&#8221;]<\/p>\n<h4 style=\"text-align: center;\">Crancod<\/h4>\n<p>[\/et_pb_text][\/et_pb_column][et_pb_column type=&#8221;1_3&#8243; _builder_version=&#8221;4.22.2&#8243; _module_preset=&#8221;default&#8221; global_colors_info=&#8221;{}&#8221;][et_pb_video src=&#8221;https:\/\/youtu.be\/P2UqbUc0r1w&#8221; image_src=&#8221;\/\/i.ytimg.com\/vi\/P2UqbUc0r1w\/hqdefault.jpg&#8221; _builder_version=&#8221;4.22.2&#8243; _module_preset=&#8221;default&#8221; global_colors_info=&#8221;{}&#8221;][\/et_pb_video][et_pb_text _builder_version=&#8221;4.22.2&#8243; _module_preset=&#8221;default&#8221; header_4_text_color=&#8221;#004059&#8243; custom_margin=&#8221;-15px||||false|false&#8221; custom_padding=&#8221;0px||||false|false&#8221; link_option_url=&#8221;https:\/\/youtu.be\/P2UqbUc0r1w&#8221; link_option_url_new_window=&#8221;on&#8221; global_colors_info=&#8221;{}&#8221;]<\/p>\n<h4 style=\"text-align: center;\">Bywyd gwyllt rhyfeddol<\/h4>\n<p>[\/et_pb_text][\/et_pb_column][\/et_pb_row][\/et_pb_section][et_pb_section fb_built=&#8221;1&#8243; custom_padding_last_edited=&#8221;on|phone&#8221; _builder_version=&#8221;4.17.4&#8243; _module_preset=&#8221;default&#8221; background_color=&#8221;#F0F0F0&#8243; background_image=&#8221;https:\/\/wildseas.wales\/wp-content\/uploads\/2022\/07\/whiteBigWave-extralong.png&#8221; background_size=&#8221;contain&#8221; background_position=&#8221;bottom_center&#8221; background_vertical_offset=&#8221;0%&#8221; custom_padding=&#8221;0px||134px|||&#8221; custom_padding_tablet=&#8221;||84px||false|false&#8221; custom_padding_phone=&#8221;||74px||false|false&#8221; global_colors_info=&#8221;{}&#8221;][et_pb_row _builder_version=&#8221;4.17.4&#8243; _module_preset=&#8221;default&#8221; custom_padding=&#8221;||0px|||&#8221; global_colors_info=&#8221;{}&#8221;][et_pb_column type=&#8221;4_4&#8243; _builder_version=&#8221;4.17.4&#8243; _module_preset=&#8221;default&#8221; global_colors_info=&#8221;{}&#8221;][et_pb_text _builder_version=&#8221;4.17.4&#8243; _module_preset=&#8221;default&#8221; header_2_line_height=&#8221;1.4em&#8221; text_orientation=&#8221;center&#8221; global_colors_info=&#8221;{}&#8221;]<\/p>\n<h2>Sut i ofalu am Glannau Creigiog<\/h2>\n<p>[\/et_pb_text][\/et_pb_column][\/et_pb_row][et_pb_row column_structure=&#8221;1_3,1_3,1_3&#8243; _builder_version=&#8221;4.17.4&#8243; _module_preset=&#8221;default&#8221; global_colors_info=&#8221;{}&#8221;][et_pb_column type=&#8221;1_3&#8243; _builder_version=&#8221;4.17.4&#8243; _module_preset=&#8221;default&#8221; global_colors_info=&#8221;{}&#8221;][et_pb_blurb image=&#8221;https:\/\/wildseas.wales\/wp-content\/uploads\/2022\/08\/NVW-C16-1314-0309_0270af3b5c7d0425007af64334a1570b.jpeg&#8221; _builder_version=&#8221;4.17.4&#8243; _module_preset=&#8221;default&#8221; body_font_size=&#8221;15px&#8221; body_line_height=&#8221;1.5em&#8221; image_icon_custom_margin=&#8221;||||false|false&#8221; image_icon_custom_padding=&#8221;||||false|false&#8221; text_orientation=&#8221;center&#8221; custom_margin=&#8221;||1em||false|false&#8221; custom_css_blurb_image=&#8221;margin-bottom: 1em;&#8221; global_colors_info=&#8221;{}&#8221;]<\/p>\n<div class=\"fact\">\n<p>Cofiwch fod gan lawer o greaduriaid eu tiriogaeth eu hunain. Os ydych yn chwilio am greaduriaid mewn pyllau creigiog neu ar hyd glannau creigiog, dychwelwch nhw i\u2019r man y cawsoch hyd iddynt a gosodwch greigiau mewn mannau lle rydych wedi troi cerrig drosodd.<\/p>\n<\/div>\n<p>[\/et_pb_blurb][\/et_pb_column][et_pb_column type=&#8221;1_3&#8243; _builder_version=&#8221;4.17.4&#8243; _module_preset=&#8221;default&#8221; global_colors_info=&#8221;{}&#8221;][et_pb_blurb image=&#8221;https:\/\/wildseas.wales\/wp-content\/uploads\/2022\/08\/DSCF0044_562a90e4d03198d92b8b405a116c323a.jpeg&#8221; _builder_version=&#8221;4.17.4&#8243; _module_preset=&#8221;default&#8221; body_font_size=&#8221;15px&#8221; body_line_height=&#8221;1.5em&#8221; image_icon_custom_margin=&#8221;||||false|false&#8221; image_icon_custom_padding=&#8221;||||false|false&#8221; text_orientation=&#8221;center&#8221; custom_margin=&#8221;||1em||false|false&#8221; custom_css_blurb_image=&#8221;margin-bottom: 1em;&#8221; global_colors_info=&#8221;{}&#8221;]<\/p>\n<div class=\"fact\">\n<p>Mae llygaid meheryn yn gadael llwybr o lysnafedd cemegol y tu \u00f4l iddynt wrth symud o gwmpas wrth bori ar alg\u00e2u ar lanw uchel, ac yn ei ddilyn yn \u00f4l i&#8217;w \u2018cartref\u2019 pan fydd y llanw yn dechrau gostwng. Os c\u00e2nt eu symud i bwll creigiau gwahanol, ni fyddant yn gallu dod o hyd i\u2019w ffordd yn \u00f4l a gallant farw.<\/p>\n<\/div>\n<p>[\/et_pb_blurb][\/et_pb_column][et_pb_column type=&#8221;1_3&#8243; _builder_version=&#8221;4.17.4&#8243; _module_preset=&#8221;default&#8221; global_colors_info=&#8221;{}&#8221;][et_pb_blurb image=&#8221;https:\/\/wildseas.wales\/wp-content\/uploads\/2022\/08\/NVW-C83-1213-0067_6939a764403f24acdba0bea50d4ade92.jpeg&#8221; _builder_version=&#8221;4.17.4&#8243; _module_preset=&#8221;default&#8221; body_font_size=&#8221;15px&#8221; body_line_height=&#8221;1.5em&#8221; image_icon_custom_margin=&#8221;||||false|false&#8221; image_icon_custom_padding=&#8221;||||false|false&#8221; text_orientation=&#8221;center&#8221; custom_margin=&#8221;||1em||false|false&#8221; custom_css_blurb_image=&#8221;margin-bottom: 1em;&#8221; global_colors_info=&#8221;{}&#8221;]<\/p>\n<div class=\"fact\">\n<p>Mae llawer o rywogaethau o grancod yn byw ar ein glannau creigiog, yn chwilio am fwyd mewn pyllau ac o dan greigiau. Byddwch yn ofalus wrth eu trin, gan eu gafael ar yr ochr allan bob amser, wrth ddwy ochr eu cragen. Mae crancod yn eithaf hyblyg a gall hyd yn oed rhai bach roi pinsiad poenus iawn.<\/p>\n<\/div>\n<p>[\/et_pb_blurb][\/et_pb_column][\/et_pb_row][et_pb_row column_structure=&#8221;1_3,1_3,1_3&#8243; _builder_version=&#8221;4.17.4&#8243; _module_preset=&#8221;default&#8221; custom_padding=&#8221;0px|||||&#8221; global_colors_info=&#8221;{}&#8221;][et_pb_column type=&#8221;1_3&#8243; _builder_version=&#8221;4.17.4&#8243; _module_preset=&#8221;default&#8221; global_colors_info=&#8221;{}&#8221;][\/et_pb_column][et_pb_column type=&#8221;1_3&#8243; _builder_version=&#8221;4.17.4&#8243; _module_preset=&#8221;default&#8221; global_colors_info=&#8221;{}&#8221;][et_pb_blurb image=&#8221;https:\/\/wildseas.wales\/wp-content\/uploads\/2022\/08\/Calidris_maritima_872d781972035472f1e5813d263395a8.jpeg&#8221; _builder_version=&#8221;4.17.4&#8243; _module_preset=&#8221;default&#8221; body_font_size=&#8221;15px&#8221; body_line_height=&#8221;1.5em&#8221; image_icon_custom_margin=&#8221;||||false|false&#8221; image_icon_custom_padding=&#8221;||||false|false&#8221; text_orientation=&#8221;center&#8221; custom_margin=&#8221;||1em||false|false&#8221; custom_css_blurb_image=&#8221;margin-bottom: 1em;&#8221; global_colors_info=&#8221;{}&#8221;]Mae adar sy\u2019n gaeafu, fel y pibydd du a chwtiad y traeth, hefyd yn treulio amser ar lannau creigiog. Byddwch yn arbennig o ofalus nad ydych yn amharu arnyn nhw, maen nhw wedi hedfan yn bell iawn!<\/p>\n<\/div>\n<\/div>\n<\/div>\n<\/div>\n<div class=\"otherInfoRow\">\n<div class=\"container\"><\/div>\n<\/div>\n<p>[\/et_pb_blurb][\/et_pb_column][et_pb_column type=&#8221;1_3&#8243; _builder_version=&#8221;4.17.4&#8243; _module_preset=&#8221;default&#8221; global_colors_info=&#8221;{}&#8221;][\/et_pb_column][\/et_pb_row][\/et_pb_section]<\/p>\n","protected":false},"excerpt":{"rendered":"<p>Parch Glannau Creigiog Gall glannau creigiog fod yn llefydd amrywiol iawn o ran nifer y gwahanol rywogaethau sy&#8217;n byw yno. Mae anifeiliaid yn defnyddio diogelwch holltau, creigiau a gwymon er mwyn bod yn sownd ynddynt, bwydo arnynt neu i guddio yn eu mysg. Ystyrir yr ardal rhwng y llanw uchel ac isel fel un o\u2019r [&hellip;]<\/p>\n","protected":false},"author":1,"featured_media":0,"parent":571,"menu_order":0,"comment_status":"closed","ping_status":"closed","template":"","meta":{"_et_pb_use_builder":"on","_et_pb_old_content":"","_et_gb_content_width":"","footnotes":""},"class_list":["post-586","page","type-page","status-publish","hentry"],"yoast_head":"<!-- This site is optimized with the Yoast SEO plugin v27.4 - https:\/\/yoast.com\/product\/yoast-seo-wordpress\/ -->\n<title>Glannau Creigiog | Wild Seas Wales<\/title>\n<meta name=\"robots\" content=\"index, follow, max-snippet:-1, max-image-preview:large, max-video-preview:-1\" \/>\n<link rel=\"canonical\" href=\"https:\/\/wildseas.wales\/cy\/parch\/glannau-creigiog\/\" \/>\n<meta property=\"og:locale\" content=\"cy_GB\" \/>\n<meta property=\"og:type\" content=\"article\" \/>\n<meta property=\"og:title\" content=\"Glannau Creigiog | Wild Seas Wales\" \/>\n<meta property=\"og:description\" content=\"Parch Glannau Creigiog Gall glannau creigiog fod yn llefydd amrywiol iawn o ran nifer y gwahanol rywogaethau sy&#039;n byw yno. Mae anifeiliaid yn defnyddio diogelwch holltau, creigiau a gwymon er mwyn bod yn sownd ynddynt, bwydo arnynt neu i guddio yn eu mysg. Ystyrir yr ardal rhwng y llanw uchel ac isel fel un o\u2019r [&hellip;]\" \/>\n<meta property=\"og:url\" content=\"https:\/\/wildseas.wales\/cy\/parch\/glannau-creigiog\/\" \/>\n<meta property=\"og:site_name\" content=\"Wild Seas Wales\" \/>\n<meta property=\"article:publisher\" content=\"https:\/\/facebook.com\/wildseaswales\" \/>\n<meta property=\"article:modified_time\" content=\"2023-12-06T10:47:13+00:00\" \/>\n<meta property=\"og:image\" content=\"https:\/\/wildseas.wales\/wp-content\/uploads\/2023\/08\/Wild-Seas-Wales.png\" \/>\n\t<meta property=\"og:image:width\" content=\"1200\" \/>\n\t<meta property=\"og:image:height\" content=\"675\" \/>\n\t<meta property=\"og:image:type\" content=\"image\/png\" \/>\n<meta name=\"twitter:card\" content=\"summary_large_image\" \/>\n<meta name=\"twitter:site\" content=\"@wildseaswales\" \/>\n<meta name=\"twitter:label1\" content=\"Est. reading time\" \/>\n\t<meta name=\"twitter:data1\" content=\"8 minutes\" \/>\n<script type=\"application\/ld+json\" class=\"yoast-schema-graph\">{\"@context\":\"https:\\\/\\\/schema.org\",\"@graph\":[{\"@type\":\"WebPage\",\"@id\":\"https:\\\/\\\/wildseas.wales\\\/cy\\\/parch\\\/glannau-creigiog\\\/\",\"url\":\"https:\\\/\\\/wildseas.wales\\\/cy\\\/parch\\\/glannau-creigiog\\\/\",\"name\":\"Glannau Creigiog | Wild Seas Wales\",\"isPartOf\":{\"@id\":\"https:\\\/\\\/wildseas.wales\\\/cy\\\/#website\"},\"datePublished\":\"2022-07-05T16:57:44+00:00\",\"dateModified\":\"2023-12-06T10:47:13+00:00\",\"breadcrumb\":{\"@id\":\"https:\\\/\\\/wildseas.wales\\\/cy\\\/parch\\\/glannau-creigiog\\\/#breadcrumb\"},\"inLanguage\":\"cy-GB\",\"potentialAction\":[{\"@type\":\"ReadAction\",\"target\":[\"https:\\\/\\\/wildseas.wales\\\/cy\\\/parch\\\/glannau-creigiog\\\/\"]}]},{\"@type\":\"BreadcrumbList\",\"@id\":\"https:\\\/\\\/wildseas.wales\\\/cy\\\/parch\\\/glannau-creigiog\\\/#breadcrumb\",\"itemListElement\":[{\"@type\":\"ListItem\",\"position\":1,\"name\":\"Home\",\"item\":\"https:\\\/\\\/wildseas.wales\\\/cy\\\/moroedd-gwyllt-cymru\\\/\"},{\"@type\":\"ListItem\",\"position\":2,\"name\":\"Parch\",\"item\":\"https:\\\/\\\/wildseas.wales\\\/cy\\\/parch\\\/\"},{\"@type\":\"ListItem\",\"position\":3,\"name\":\"Glannau Creigiog\"}]},{\"@type\":\"WebSite\",\"@id\":\"https:\\\/\\\/wildseas.wales\\\/cy\\\/#website\",\"url\":\"https:\\\/\\\/wildseas.wales\\\/cy\\\/\",\"name\":\"Wild Seas Wales\",\"description\":\"Discover \u2022 Enjoy \u2022 Respect\",\"publisher\":{\"@id\":\"https:\\\/\\\/wildseas.wales\\\/cy\\\/#organization\"},\"potentialAction\":[{\"@type\":\"SearchAction\",\"target\":{\"@type\":\"EntryPoint\",\"urlTemplate\":\"https:\\\/\\\/wildseas.wales\\\/cy\\\/?s={search_term_string}\"},\"query-input\":{\"@type\":\"PropertyValueSpecification\",\"valueRequired\":true,\"valueName\":\"search_term_string\"}}],\"inLanguage\":\"cy-GB\"},{\"@type\":\"Organization\",\"@id\":\"https:\\\/\\\/wildseas.wales\\\/cy\\\/#organization\",\"name\":\"Wild Seas Wales\",\"url\":\"https:\\\/\\\/wildseas.wales\\\/cy\\\/\",\"logo\":{\"@type\":\"ImageObject\",\"inLanguage\":\"cy-GB\",\"@id\":\"https:\\\/\\\/wildseas.wales\\\/cy\\\/#\\\/schema\\\/logo\\\/image\\\/\",\"url\":\"https:\\\/\\\/wildseas.wales\\\/wp-content\\\/uploads\\\/2022\\\/09\\\/WILD-SEAS-WALES.svg\",\"contentUrl\":\"https:\\\/\\\/wildseas.wales\\\/wp-content\\\/uploads\\\/2022\\\/09\\\/WILD-SEAS-WALES.svg\",\"width\":216,\"height\":129,\"caption\":\"Wild Seas Wales\"},\"image\":{\"@id\":\"https:\\\/\\\/wildseas.wales\\\/cy\\\/#\\\/schema\\\/logo\\\/image\\\/\"},\"sameAs\":[\"https:\\\/\\\/facebook.com\\\/wildseaswales\",\"https:\\\/\\\/x.com\\\/wildseaswales\",\"https:\\\/\\\/instagram.com\\\/wildseaswales\"]}]}<\/script>\n<!-- \/ Yoast SEO plugin. -->","yoast_head_json":{"title":"Glannau Creigiog | Wild Seas Wales","robots":{"index":"index","follow":"follow","max-snippet":"max-snippet:-1","max-image-preview":"max-image-preview:large","max-video-preview":"max-video-preview:-1"},"canonical":"https:\/\/wildseas.wales\/cy\/parch\/glannau-creigiog\/","og_locale":"cy_GB","og_type":"article","og_title":"Glannau Creigiog | Wild Seas Wales","og_description":"Parch Glannau Creigiog Gall glannau creigiog fod yn llefydd amrywiol iawn o ran nifer y gwahanol rywogaethau sy'n byw yno. Mae anifeiliaid yn defnyddio diogelwch holltau, creigiau a gwymon er mwyn bod yn sownd ynddynt, bwydo arnynt neu i guddio yn eu mysg. Ystyrir yr ardal rhwng y llanw uchel ac isel fel un o\u2019r [&hellip;]","og_url":"https:\/\/wildseas.wales\/cy\/parch\/glannau-creigiog\/","og_site_name":"Wild Seas Wales","article_publisher":"https:\/\/facebook.com\/wildseaswales","article_modified_time":"2023-12-06T10:47:13+00:00","og_image":[{"width":1200,"height":675,"url":"https:\/\/wildseas.wales\/wp-content\/uploads\/2023\/08\/Wild-Seas-Wales.png","type":"image\/png"}],"twitter_card":"summary_large_image","twitter_site":"@wildseaswales","twitter_misc":{"Est. reading time":"8 minutes"},"schema":{"@context":"https:\/\/schema.org","@graph":[{"@type":"WebPage","@id":"https:\/\/wildseas.wales\/cy\/parch\/glannau-creigiog\/","url":"https:\/\/wildseas.wales\/cy\/parch\/glannau-creigiog\/","name":"Glannau Creigiog | Wild Seas Wales","isPartOf":{"@id":"https:\/\/wildseas.wales\/cy\/#website"},"datePublished":"2022-07-05T16:57:44+00:00","dateModified":"2023-12-06T10:47:13+00:00","breadcrumb":{"@id":"https:\/\/wildseas.wales\/cy\/parch\/glannau-creigiog\/#breadcrumb"},"inLanguage":"cy-GB","potentialAction":[{"@type":"ReadAction","target":["https:\/\/wildseas.wales\/cy\/parch\/glannau-creigiog\/"]}]},{"@type":"BreadcrumbList","@id":"https:\/\/wildseas.wales\/cy\/parch\/glannau-creigiog\/#breadcrumb","itemListElement":[{"@type":"ListItem","position":1,"name":"Home","item":"https:\/\/wildseas.wales\/cy\/moroedd-gwyllt-cymru\/"},{"@type":"ListItem","position":2,"name":"Parch","item":"https:\/\/wildseas.wales\/cy\/parch\/"},{"@type":"ListItem","position":3,"name":"Glannau Creigiog"}]},{"@type":"WebSite","@id":"https:\/\/wildseas.wales\/cy\/#website","url":"https:\/\/wildseas.wales\/cy\/","name":"Wild Seas Wales","description":"Discover \u2022 Enjoy \u2022 Respect","publisher":{"@id":"https:\/\/wildseas.wales\/cy\/#organization"},"potentialAction":[{"@type":"SearchAction","target":{"@type":"EntryPoint","urlTemplate":"https:\/\/wildseas.wales\/cy\/?s={search_term_string}"},"query-input":{"@type":"PropertyValueSpecification","valueRequired":true,"valueName":"search_term_string"}}],"inLanguage":"cy-GB"},{"@type":"Organization","@id":"https:\/\/wildseas.wales\/cy\/#organization","name":"Wild Seas Wales","url":"https:\/\/wildseas.wales\/cy\/","logo":{"@type":"ImageObject","inLanguage":"cy-GB","@id":"https:\/\/wildseas.wales\/cy\/#\/schema\/logo\/image\/","url":"https:\/\/wildseas.wales\/wp-content\/uploads\/2022\/09\/WILD-SEAS-WALES.svg","contentUrl":"https:\/\/wildseas.wales\/wp-content\/uploads\/2022\/09\/WILD-SEAS-WALES.svg","width":216,"height":129,"caption":"Wild Seas Wales"},"image":{"@id":"https:\/\/wildseas.wales\/cy\/#\/schema\/logo\/image\/"},"sameAs":["https:\/\/facebook.com\/wildseaswales","https:\/\/x.com\/wildseaswales","https:\/\/instagram.com\/wildseaswales"]}]}},"_links":{"self":[{"href":"https:\/\/wildseas.wales\/cy\/wp-json\/wp\/v2\/pages\/586","targetHints":{"allow":["GET"]}}],"collection":[{"href":"https:\/\/wildseas.wales\/cy\/wp-json\/wp\/v2\/pages"}],"about":[{"href":"https:\/\/wildseas.wales\/cy\/wp-json\/wp\/v2\/types\/page"}],"author":[{"embeddable":true,"href":"https:\/\/wildseas.wales\/cy\/wp-json\/wp\/v2\/users\/1"}],"replies":[{"embeddable":true,"href":"https:\/\/wildseas.wales\/cy\/wp-json\/wp\/v2\/comments?post=586"}],"version-history":[{"count":4,"href":"https:\/\/wildseas.wales\/cy\/wp-json\/wp\/v2\/pages\/586\/revisions"}],"predecessor-version":[{"id":1542,"href":"https:\/\/wildseas.wales\/cy\/wp-json\/wp\/v2\/pages\/586\/revisions\/1542"}],"up":[{"embeddable":true,"href":"https:\/\/wildseas.wales\/cy\/wp-json\/wp\/v2\/pages\/571"}],"wp:attachment":[{"href":"https:\/\/wildseas.wales\/cy\/wp-json\/wp\/v2\/media?parent=586"}],"curies":[{"name":"wp","href":"https:\/\/api.w.org\/{rel}","templated":true}]}}