{"id":592,"date":"2022-07-05T16:58:43","date_gmt":"2022-07-05T16:58:43","guid":{"rendered":"https:\/\/wildseas.wales\/parch\/twyni-tywod\/"},"modified":"2023-12-06T10:49:47","modified_gmt":"2023-12-06T10:49:47","slug":"twyni-tywod","status":"publish","type":"page","link":"https:\/\/wildseas.wales\/cy\/parch\/twyni-tywod\/","title":{"rendered":"Twyni Tywod"},"content":{"rendered":"<p>[et_pb_section fb_built=&#8221;1&#8243; fullwidth=&#8221;on&#8221; _builder_version=&#8221;4.17.4&#8243; _module_preset=&#8221;default&#8221; background_image=&#8221;https:\/\/wildseas.wales\/wp-content\/uploads\/2022\/08\/Seal-pups-Skomer-MCZ-PN_75aa240c4b9e4b15d09561811c1148d1.jpeg&#8221; global_colors_info=&#8221;{}&#8221;][et_pb_fullwidth_slider _builder_version=&#8221;4.17.4&#8243; _module_preset=&#8221;default&#8221; background_color=&#8221;RGBA(255,255,255,0)&#8221; background_image=&#8221;https:\/\/wildseas.wales\/wp-content\/uploads\/2022\/07\/CCW-Pedryn-Surveys-2008_375_111f41c5f9f7e361fe0552be70503473.jpeg&#8221; global_colors_info=&#8221;{}&#8221;][et_pb_slide admin_title=&#8221;dolphin&#8221; _builder_version=&#8221;4.17.4&#8243; _module_preset=&#8221;default&#8221; background_enable_color=&#8221;off&#8221; background_image=&#8221;https:\/\/wildseas.wales\/wp-content\/uploads\/2022\/07\/whiteBigWave-extralong.png&#8221; background_enable_image=&#8221;on&#8221; background_size=&#8221;contain&#8221; background_position=&#8221;bottom_center&#8221; background_vertical_offset=&#8221;0%&#8221; custom_padding=&#8221;||7em||false|false&#8221; custom_padding_tablet=&#8221;||7em||false|false&#8221; custom_padding_phone=&#8221;||7em||false|false&#8221; custom_padding_last_edited=&#8221;on|phone&#8221; background_last_edited=&#8221;on|desktop&#8221; background_image_phone=&#8221;https:\/\/wildseas.wales\/wp-content\/uploads\/2022\/07\/whiteBigWave-bottom.png&#8221; background_enable_image_phone=&#8221;on&#8221; custom_css_slide_image=&#8221;Width: 100%;||&#8221; border_width_bottom_image=&#8221;45px&#8221; border_color_bottom_image=&#8221;RGBA(255,255,255,0)&#8221; global_colors_info=&#8221;{}&#8221; sticky_transition=&#8221;on&#8221;][\/et_pb_slide][\/et_pb_fullwidth_slider][\/et_pb_section][et_pb_section fb_built=&#8221;1&#8243; custom_padding_last_edited=&#8221;on|phone&#8221; _builder_version=&#8221;4.17.4&#8243; _module_preset=&#8221;default&#8221; background_image=&#8221;https:\/\/wildseas.wales\/wp-content\/uploads\/2022\/08\/lightLongWave.png&#8221; background_size=&#8221;contain&#8221; background_position=&#8221;bottom_center&#8221; background_vertical_offset=&#8221;-1%&#8221; custom_padding=&#8221;0px||134px|||&#8221; custom_padding_tablet=&#8221;||99px||false|false&#8221; custom_padding_phone=&#8221;||49px||false|false&#8221; global_colors_info=&#8221;{}&#8221;][et_pb_row _builder_version=&#8221;4.17.4&#8243; _module_preset=&#8221;default&#8221; global_colors_info=&#8221;{}&#8221;][et_pb_column type=&#8221;4_4&#8243; _builder_version=&#8221;4.17.4&#8243; _module_preset=&#8221;default&#8221; global_colors_info=&#8221;{}&#8221;][et_pb_text _builder_version=&#8221;4.17.4&#8243; _module_preset=&#8221;default&#8221; text_font=&#8221;||||||||&#8221; header_font=&#8221;Fira Sans||||||||&#8221; header_font_size=&#8221;42px&#8221; header_2_line_height=&#8221;1.2em&#8221; header_4_text_color=&#8221;#004059&#8243; header_4_font_size=&#8221;41px&#8221; header_4_line_height=&#8221;1.4em&#8221; header_5_font=&#8221;Fira Sans||||||||&#8221; text_orientation=&#8221;center&#8221; header_4_font_size_tablet=&#8221;38px&#8221; header_4_font_size_phone=&#8221;38px&#8221; header_4_font_size_last_edited=&#8221;on|phone&#8221; global_colors_info=&#8221;{}&#8221;]<\/p>\n<h1>Parch<\/h1>\n<h4>Twyni Tywod<\/h4>\n<p>Mae\u2019r bryniau hyn o dywod sydd \u00e2 glaswellt yn bigau i gyd yn gynefin hynod bwysig, yn enwedig felly oherwydd mai ychydig ohono sydd ar \u00f4l. Mae llawer o greaduriaid a phlanhigion a ddarganfyddwch mewn twyni tywod yn brin, gan nad ydynt yn byw yn unman arall. Y rhan bwysicaf o\u2019r system twyni tywod yw ei bod yn newid byth a hefyd, gan agor gofod newydd i rywogaethau, a elwir yn rhywogaethau arloesol, sy\u2019n helpu i\u2019w ddatblygu fel lle i bethau fyw. Mae\u2019r system hon yn ffynnu ar aflonyddwch naturiol ac mae cadw\u2019r ardaloedd hyn mewn cyflwr da yn golygu peri cyn lleied o aflonyddwch dynol ag y gallwn.[\/et_pb_text][\/et_pb_column][\/et_pb_row][\/et_pb_section][et_pb_section fb_built=&#8221;1&#8243; custom_padding_last_edited=&#8221;on|phone&#8221; _builder_version=&#8221;4.17.4&#8243; _module_preset=&#8221;default&#8221; background_image=&#8221;https:\/\/wildseas.wales\/wp-content\/uploads\/2022\/08\/lightLongWave.png&#8221; background_size=&#8221;contain&#8221; background_position=&#8221;bottom_center&#8221; background_vertical_offset=&#8221;-1%&#8221; custom_padding=&#8221;0px||134px|||&#8221; custom_padding_tablet=&#8221;||99px||false|false&#8221; custom_padding_phone=&#8221;||49px||false|false&#8221; global_colors_info=&#8221;{}&#8221;][et_pb_row _builder_version=&#8221;4.17.4&#8243; _module_preset=&#8221;default&#8221; global_colors_info=&#8221;{}&#8221;][et_pb_column type=&#8221;4_4&#8243; _builder_version=&#8221;4.17.4&#8243; _module_preset=&#8221;default&#8221; global_colors_info=&#8221;{}&#8221;][et_pb_text _builder_version=&#8221;4.17.4&#8243; _module_preset=&#8221;default&#8221; text_font=&#8221;||||||||&#8221; header_font=&#8221;Fira Sans||||||||&#8221; header_font_size=&#8221;42px&#8221; header_2_line_height=&#8221;1.2em&#8221; header_4_text_color=&#8221;#004059&#8243; header_4_font_size=&#8221;41px&#8221; header_4_line_height=&#8221;1.4em&#8221; header_5_font=&#8221;Fira Sans||||||||&#8221; text_orientation=&#8221;center&#8221; header_4_font_size_tablet=&#8221;38px&#8221; header_4_font_size_phone=&#8221;38px&#8221; header_4_font_size_last_edited=&#8221;on|phone&#8221; global_colors_info=&#8221;{}&#8221;]<\/p>\n<h1>Sut i ryngweithio \u00e2 Twyni Tywod<\/h1>\n<p>[\/et_pb_text][\/et_pb_column][\/et_pb_row][et_pb_row column_structure=&#8221;1_3,1_3,1_3&#8243; _builder_version=&#8221;4.22.2&#8243; _module_preset=&#8221;default&#8221; global_colors_info=&#8221;{}&#8221;][et_pb_column type=&#8221;1_3&#8243; _builder_version=&#8221;4.22.2&#8243; _module_preset=&#8221;default&#8221; global_colors_info=&#8221;{}&#8221;][et_pb_video src=&#8221;https:\/\/youtu.be\/NTEXjw7U5cs&#8221; image_src=&#8221;\/\/i.ytimg.com\/vi\/NTEXjw7U5cs\/hqdefault.jpg&#8221; _builder_version=&#8221;4.22.2&#8243; _module_preset=&#8221;default&#8221; global_colors_info=&#8221;{}&#8221;][\/et_pb_video][et_pb_text _builder_version=&#8221;4.22.2&#8243; _module_preset=&#8221;default&#8221; header_4_text_color=&#8221;#004059&#8243; custom_margin=&#8221;-15px||||false|false&#8221; custom_padding=&#8221;0px||||false|false&#8221; link_option_url=&#8221;https:\/\/youtu.be\/NTEXjw7U5cs&#8221; link_option_url_new_window=&#8221;on&#8221; global_colors_info=&#8221;{}&#8221;]<\/p>\n<h4 style=\"text-align: center;\">Sbwriel M\u00f4r<\/h4>\n<p>[\/et_pb_text][\/et_pb_column][et_pb_column type=&#8221;1_3&#8243; _builder_version=&#8221;4.22.2&#8243; _module_preset=&#8221;default&#8221; global_colors_info=&#8221;{}&#8221;][et_pb_video src=&#8221;https:\/\/youtu.be\/11eqsyOAXTY&#8221; image_src=&#8221;\/\/i.ytimg.com\/vi\/11eqsyOAXTY\/hqdefault.jpg&#8221; _builder_version=&#8221;4.22.2&#8243; _module_preset=&#8221;default&#8221; global_colors_info=&#8221;{}&#8221;][\/et_pb_video][et_pb_text _builder_version=&#8221;4.22.2&#8243; _module_preset=&#8221;default&#8221; header_4_text_color=&#8221;#004059&#8243; custom_margin=&#8221;-15px||||false|false&#8221; custom_padding=&#8221;0px||||false|false&#8221; link_option_url=&#8221;https:\/\/youtu.be\/11eqsyOAXTY&#8221; link_option_url_new_window=&#8221;on&#8221; global_colors_info=&#8221;{}&#8221;]<\/p>\n<h4 style=\"text-align: center;\">Gwylio bywyd gwyllt<\/h4>\n<p>[\/et_pb_text][\/et_pb_column][et_pb_column type=&#8221;1_3&#8243; _builder_version=&#8221;4.22.2&#8243; _module_preset=&#8221;default&#8221; global_colors_info=&#8221;{}&#8221;][et_pb_video src=&#8221;https:\/\/youtu.be\/OdtAUenwzqo&#8221; image_src=&#8221;\/\/i.ytimg.com\/vi\/OdtAUenwzqo\/hqdefault.jpg&#8221; _builder_version=&#8221;4.22.2&#8243; _module_preset=&#8221;default&#8221; global_colors_info=&#8221;{}&#8221;][\/et_pb_video][et_pb_text _builder_version=&#8221;4.22.2&#8243; _module_preset=&#8221;default&#8221; header_4_text_color=&#8221;#004059&#8243; custom_margin=&#8221;-15px||||false|false&#8221; custom_padding=&#8221;0px||||false|false&#8221; link_option_url=&#8221;https:\/\/youtu.be\/OdtAUenwzqo&#8221; link_option_url_new_window=&#8221;on&#8221; global_colors_info=&#8221;{}&#8221;]<\/p>\n<h4 style=\"text-align: center;\">Adar twyni twyod<\/h4>\n<p>[\/et_pb_text][\/et_pb_column][\/et_pb_row][\/et_pb_section][et_pb_section fb_built=&#8221;1&#8243; custom_padding_last_edited=&#8221;on|phone&#8221; _builder_version=&#8221;4.17.4&#8243; _module_preset=&#8221;default&#8221; background_color=&#8221;#F0F0F0&#8243; background_image=&#8221;https:\/\/wildseas.wales\/wp-content\/uploads\/2022\/07\/whiteBigWave-extralong.png&#8221; background_size=&#8221;contain&#8221; background_position=&#8221;bottom_center&#8221; background_vertical_offset=&#8221;0%&#8221; custom_padding=&#8221;0px||134px|||&#8221; custom_padding_tablet=&#8221;||84px||false|false&#8221; custom_padding_phone=&#8221;||74px||false|false&#8221; global_colors_info=&#8221;{}&#8221;][et_pb_row _builder_version=&#8221;4.17.4&#8243; _module_preset=&#8221;default&#8221; custom_padding=&#8221;||0px|||&#8221; global_colors_info=&#8221;{}&#8221;][et_pb_column type=&#8221;4_4&#8243; _builder_version=&#8221;4.17.4&#8243; _module_preset=&#8221;default&#8221; global_colors_info=&#8221;{}&#8221;][et_pb_text _builder_version=&#8221;4.17.4&#8243; _module_preset=&#8221;default&#8221; header_2_line_height=&#8221;1.4em&#8221; text_orientation=&#8221;center&#8221; global_colors_info=&#8221;{}&#8221;]<\/p>\n<h2>Sut i ofalu am Twyni Tywod<\/h2>\n<p>[\/et_pb_text][\/et_pb_column][\/et_pb_row][et_pb_row column_structure=&#8221;1_3,1_3,1_3&#8243; _builder_version=&#8221;4.17.4&#8243; _module_preset=&#8221;default&#8221; global_colors_info=&#8221;{}&#8221;][et_pb_column type=&#8221;1_3&#8243; _builder_version=&#8221;4.17.4&#8243; _module_preset=&#8221;default&#8221; global_colors_info=&#8221;{}&#8221;][et_pb_blurb image=&#8221;https:\/\/wildseas.wales\/wp-content\/uploads\/2022\/08\/SVW-C79-1112-0009_872d781972035472f1e5813d263395a8.jpeg&#8221; _builder_version=&#8221;4.17.4&#8243; _module_preset=&#8221;default&#8221; body_font_size=&#8221;15px&#8221; body_line_height=&#8221;1.5em&#8221; image_icon_custom_margin=&#8221;||||false|false&#8221; image_icon_custom_padding=&#8221;||||false|false&#8221; text_orientation=&#8221;center&#8221; custom_margin=&#8221;||1em||false|false&#8221; custom_css_blurb_image=&#8221;margin-bottom: 1em;&#8221; global_colors_info=&#8221;{}&#8221;]Mae twyni tywod yn gynefinoedd deinamig. Er bod angen y symudedd hwn i gynnal y cynefin, gall fod yn niweidiol os achosir gormod o erydiad. Gall niwed a achosir gan gerbydau arwain at ddifrod parhaol; y ffordd orau o brofi twyni tywod yw ar droed.[\/et_pb_blurb][\/et_pb_column][et_pb_column type=&#8221;1_3&#8243; _builder_version=&#8221;4.17.4&#8243; _module_preset=&#8221;default&#8221; global_colors_info=&#8221;{}&#8221;][et_pb_blurb image=&#8221;https:\/\/wildseas.wales\/wp-content\/uploads\/2022\/08\/NVW-C58-1011-0173_872d781972035472f1e5813d263395a8.jpeg&#8221; _builder_version=&#8221;4.17.4&#8243; _module_preset=&#8221;default&#8221; body_font_size=&#8221;15px&#8221; body_line_height=&#8221;1.5em&#8221; image_icon_custom_margin=&#8221;||||false|false&#8221; image_icon_custom_padding=&#8221;||||false|false&#8221; text_orientation=&#8221;center&#8221; custom_margin=&#8221;||1em||false|false&#8221; custom_css_blurb_image=&#8221;margin-bottom: 1em;&#8221; global_colors_info=&#8221;{}&#8221;]Gall sbwriel sy\u2019n cael eu gadael ar y twyni gael eu chwythu i&#8217;r m\u00f4r neu hyd yn oed ladd anifeiliaid bach. Ewch \u00e2 sbwriel adref gyda chi, gan wneud yn si\u0175r nad ydych yn gadael unrhyw olion o\u2019ch ymweliad.[\/et_pb_blurb][\/et_pb_column][et_pb_column type=&#8221;1_3&#8243; _builder_version=&#8221;4.17.4&#8243; _module_preset=&#8221;default&#8221; global_colors_info=&#8221;{}&#8221;][et_pb_blurb image=&#8221;https:\/\/wildseas.wales\/wp-content\/uploads\/2022\/08\/SVW-C27-0910-0053_872d781972035472f1e5813d263395a8.jpeg&#8221; _builder_version=&#8221;4.17.4&#8243; _module_preset=&#8221;default&#8221; body_font_size=&#8221;15px&#8221; body_line_height=&#8221;1.5em&#8221; image_icon_custom_margin=&#8221;||||false|false&#8221; image_icon_custom_padding=&#8221;||||false|false&#8221; text_orientation=&#8221;center&#8221; custom_margin=&#8221;||1em||false|false&#8221; custom_css_blurb_image=&#8221;margin-bottom: 1em;&#8221; global_colors_info=&#8221;{}&#8221;]Gall tanau a barbeciws niweidio llystyfiant twyni\u2019n ddifrifol, gan ladd ardaloedd am nifer o flynyddoedd. Yn ystod yr amseroedd sych, gall y moresg ddal t\u00e2n yn hawdd.[\/et_pb_blurb][\/et_pb_column][\/et_pb_row][et_pb_row column_structure=&#8221;1_3,1_3,1_3&#8243; _builder_version=&#8221;4.17.4&#8243; _module_preset=&#8221;default&#8221; custom_padding=&#8221;0px|||||&#8221; global_colors_info=&#8221;{}&#8221;][et_pb_column type=&#8221;1_3&#8243; _builder_version=&#8221;4.17.4&#8243; _module_preset=&#8221;default&#8221; global_colors_info=&#8221;{}&#8221;][\/et_pb_column][et_pb_column type=&#8221;1_3&#8243; _builder_version=&#8221;4.17.4&#8243; _module_preset=&#8221;default&#8221; global_colors_info=&#8221;{}&#8221;][et_pb_blurb image=&#8221;https:\/\/wildseas.wales\/wp-content\/uploads\/2022\/08\/SVW-C79-1112-0009_872d781972035472f1e5813d263395a8.jpeg&#8221; _builder_version=&#8221;4.17.4&#8243; _module_preset=&#8221;default&#8221; body_font_size=&#8221;15px&#8221; body_line_height=&#8221;1.5em&#8221; image_icon_custom_margin=&#8221;||||false|false&#8221; image_icon_custom_padding=&#8221;||||false|false&#8221; text_orientation=&#8221;center&#8221; custom_margin=&#8221;||1em||false|false&#8221; custom_css_blurb_image=&#8221;margin-bottom: 1em;&#8221; global_colors_info=&#8221;{}&#8221;]Pan fyddant yn cael eu gadael i bydru yn y twyni tywod, gall baw c\u0175n ladd planhigion a newid y cynefin. Glanhewch ar \u00f4l eich ci ac ewch \u00e2\u2019r bag i&#8217;r bin sbwriel agosaf.[\/et_pb_blurb][\/et_pb_column][et_pb_column type=&#8221;1_3&#8243; _builder_version=&#8221;4.17.4&#8243; _module_preset=&#8221;default&#8221; global_colors_info=&#8221;{}&#8221;][\/et_pb_column][\/et_pb_row][\/et_pb_section]<\/p>\n","protected":false},"excerpt":{"rendered":"<p>Parch Twyni TywodMae\u2019r bryniau hyn o dywod sydd \u00e2 glaswellt yn bigau i gyd yn gynefin hynod bwysig, yn enwedig felly oherwydd mai ychydig ohono sydd ar \u00f4l. Mae llawer o greaduriaid a phlanhigion a ddarganfyddwch mewn twyni tywod yn brin, gan nad ydynt yn byw yn unman arall. Y rhan bwysicaf o\u2019r system twyni [&hellip;]<\/p>\n","protected":false},"author":1,"featured_media":0,"parent":571,"menu_order":0,"comment_status":"closed","ping_status":"closed","template":"","meta":{"_et_pb_use_builder":"on","_et_pb_old_content":"","_et_gb_content_width":"","footnotes":""},"class_list":["post-592","page","type-page","status-publish","hentry"],"yoast_head":"<!-- This site is optimized with the Yoast SEO plugin v27.4 - https:\/\/yoast.com\/product\/yoast-seo-wordpress\/ -->\n<title>Twyni Tywod | Wild Seas Wales<\/title>\n<meta name=\"robots\" content=\"index, follow, max-snippet:-1, max-image-preview:large, max-video-preview:-1\" \/>\n<link rel=\"canonical\" href=\"https:\/\/wildseas.wales\/cy\/parch\/twyni-tywod\/\" \/>\n<meta property=\"og:locale\" content=\"cy_GB\" \/>\n<meta property=\"og:type\" content=\"article\" \/>\n<meta property=\"og:title\" content=\"Twyni Tywod | Wild Seas Wales\" \/>\n<meta property=\"og:description\" content=\"Parch Twyni TywodMae\u2019r bryniau hyn o dywod sydd \u00e2 glaswellt yn bigau i gyd yn gynefin hynod bwysig, yn enwedig felly oherwydd mai ychydig ohono sydd ar \u00f4l. Mae llawer o greaduriaid a phlanhigion a ddarganfyddwch mewn twyni tywod yn brin, gan nad ydynt yn byw yn unman arall. Y rhan bwysicaf o\u2019r system twyni [&hellip;]\" \/>\n<meta property=\"og:url\" content=\"https:\/\/wildseas.wales\/cy\/parch\/twyni-tywod\/\" \/>\n<meta property=\"og:site_name\" content=\"Wild Seas Wales\" \/>\n<meta property=\"article:publisher\" content=\"https:\/\/facebook.com\/wildseaswales\" \/>\n<meta property=\"article:modified_time\" content=\"2023-12-06T10:49:47+00:00\" \/>\n<meta property=\"og:image\" content=\"https:\/\/wildseas.wales\/wp-content\/uploads\/2023\/08\/Wild-Seas-Wales.png\" \/>\n\t<meta property=\"og:image:width\" content=\"1200\" \/>\n\t<meta property=\"og:image:height\" content=\"675\" \/>\n\t<meta property=\"og:image:type\" content=\"image\/png\" \/>\n<meta name=\"twitter:card\" content=\"summary_large_image\" \/>\n<meta name=\"twitter:site\" content=\"@wildseaswales\" \/>\n<meta name=\"twitter:label1\" content=\"Est. reading time\" \/>\n\t<meta name=\"twitter:data1\" content=\"8 minutes\" \/>\n<script type=\"application\/ld+json\" class=\"yoast-schema-graph\">{\"@context\":\"https:\\\/\\\/schema.org\",\"@graph\":[{\"@type\":\"WebPage\",\"@id\":\"https:\\\/\\\/wildseas.wales\\\/cy\\\/parch\\\/twyni-tywod\\\/\",\"url\":\"https:\\\/\\\/wildseas.wales\\\/cy\\\/parch\\\/twyni-tywod\\\/\",\"name\":\"Twyni Tywod | Wild Seas Wales\",\"isPartOf\":{\"@id\":\"https:\\\/\\\/wildseas.wales\\\/cy\\\/#website\"},\"datePublished\":\"2022-07-05T16:58:43+00:00\",\"dateModified\":\"2023-12-06T10:49:47+00:00\",\"breadcrumb\":{\"@id\":\"https:\\\/\\\/wildseas.wales\\\/cy\\\/parch\\\/twyni-tywod\\\/#breadcrumb\"},\"inLanguage\":\"cy-GB\",\"potentialAction\":[{\"@type\":\"ReadAction\",\"target\":[\"https:\\\/\\\/wildseas.wales\\\/cy\\\/parch\\\/twyni-tywod\\\/\"]}]},{\"@type\":\"BreadcrumbList\",\"@id\":\"https:\\\/\\\/wildseas.wales\\\/cy\\\/parch\\\/twyni-tywod\\\/#breadcrumb\",\"itemListElement\":[{\"@type\":\"ListItem\",\"position\":1,\"name\":\"Home\",\"item\":\"https:\\\/\\\/wildseas.wales\\\/cy\\\/moroedd-gwyllt-cymru\\\/\"},{\"@type\":\"ListItem\",\"position\":2,\"name\":\"Parch\",\"item\":\"https:\\\/\\\/wildseas.wales\\\/cy\\\/parch\\\/\"},{\"@type\":\"ListItem\",\"position\":3,\"name\":\"Twyni Tywod\"}]},{\"@type\":\"WebSite\",\"@id\":\"https:\\\/\\\/wildseas.wales\\\/cy\\\/#website\",\"url\":\"https:\\\/\\\/wildseas.wales\\\/cy\\\/\",\"name\":\"Wild Seas Wales\",\"description\":\"Discover \u2022 Enjoy \u2022 Respect\",\"publisher\":{\"@id\":\"https:\\\/\\\/wildseas.wales\\\/cy\\\/#organization\"},\"potentialAction\":[{\"@type\":\"SearchAction\",\"target\":{\"@type\":\"EntryPoint\",\"urlTemplate\":\"https:\\\/\\\/wildseas.wales\\\/cy\\\/?s={search_term_string}\"},\"query-input\":{\"@type\":\"PropertyValueSpecification\",\"valueRequired\":true,\"valueName\":\"search_term_string\"}}],\"inLanguage\":\"cy-GB\"},{\"@type\":\"Organization\",\"@id\":\"https:\\\/\\\/wildseas.wales\\\/cy\\\/#organization\",\"name\":\"Wild Seas Wales\",\"url\":\"https:\\\/\\\/wildseas.wales\\\/cy\\\/\",\"logo\":{\"@type\":\"ImageObject\",\"inLanguage\":\"cy-GB\",\"@id\":\"https:\\\/\\\/wildseas.wales\\\/cy\\\/#\\\/schema\\\/logo\\\/image\\\/\",\"url\":\"https:\\\/\\\/wildseas.wales\\\/wp-content\\\/uploads\\\/2022\\\/09\\\/WILD-SEAS-WALES.svg\",\"contentUrl\":\"https:\\\/\\\/wildseas.wales\\\/wp-content\\\/uploads\\\/2022\\\/09\\\/WILD-SEAS-WALES.svg\",\"width\":216,\"height\":129,\"caption\":\"Wild Seas Wales\"},\"image\":{\"@id\":\"https:\\\/\\\/wildseas.wales\\\/cy\\\/#\\\/schema\\\/logo\\\/image\\\/\"},\"sameAs\":[\"https:\\\/\\\/facebook.com\\\/wildseaswales\",\"https:\\\/\\\/x.com\\\/wildseaswales\",\"https:\\\/\\\/instagram.com\\\/wildseaswales\"]}]}<\/script>\n<!-- \/ Yoast SEO plugin. -->","yoast_head_json":{"title":"Twyni Tywod | Wild Seas Wales","robots":{"index":"index","follow":"follow","max-snippet":"max-snippet:-1","max-image-preview":"max-image-preview:large","max-video-preview":"max-video-preview:-1"},"canonical":"https:\/\/wildseas.wales\/cy\/parch\/twyni-tywod\/","og_locale":"cy_GB","og_type":"article","og_title":"Twyni Tywod | Wild Seas Wales","og_description":"Parch Twyni TywodMae\u2019r bryniau hyn o dywod sydd \u00e2 glaswellt yn bigau i gyd yn gynefin hynod bwysig, yn enwedig felly oherwydd mai ychydig ohono sydd ar \u00f4l. Mae llawer o greaduriaid a phlanhigion a ddarganfyddwch mewn twyni tywod yn brin, gan nad ydynt yn byw yn unman arall. Y rhan bwysicaf o\u2019r system twyni [&hellip;]","og_url":"https:\/\/wildseas.wales\/cy\/parch\/twyni-tywod\/","og_site_name":"Wild Seas Wales","article_publisher":"https:\/\/facebook.com\/wildseaswales","article_modified_time":"2023-12-06T10:49:47+00:00","og_image":[{"width":1200,"height":675,"url":"https:\/\/wildseas.wales\/wp-content\/uploads\/2023\/08\/Wild-Seas-Wales.png","type":"image\/png"}],"twitter_card":"summary_large_image","twitter_site":"@wildseaswales","twitter_misc":{"Est. reading time":"8 minutes"},"schema":{"@context":"https:\/\/schema.org","@graph":[{"@type":"WebPage","@id":"https:\/\/wildseas.wales\/cy\/parch\/twyni-tywod\/","url":"https:\/\/wildseas.wales\/cy\/parch\/twyni-tywod\/","name":"Twyni Tywod | Wild Seas Wales","isPartOf":{"@id":"https:\/\/wildseas.wales\/cy\/#website"},"datePublished":"2022-07-05T16:58:43+00:00","dateModified":"2023-12-06T10:49:47+00:00","breadcrumb":{"@id":"https:\/\/wildseas.wales\/cy\/parch\/twyni-tywod\/#breadcrumb"},"inLanguage":"cy-GB","potentialAction":[{"@type":"ReadAction","target":["https:\/\/wildseas.wales\/cy\/parch\/twyni-tywod\/"]}]},{"@type":"BreadcrumbList","@id":"https:\/\/wildseas.wales\/cy\/parch\/twyni-tywod\/#breadcrumb","itemListElement":[{"@type":"ListItem","position":1,"name":"Home","item":"https:\/\/wildseas.wales\/cy\/moroedd-gwyllt-cymru\/"},{"@type":"ListItem","position":2,"name":"Parch","item":"https:\/\/wildseas.wales\/cy\/parch\/"},{"@type":"ListItem","position":3,"name":"Twyni Tywod"}]},{"@type":"WebSite","@id":"https:\/\/wildseas.wales\/cy\/#website","url":"https:\/\/wildseas.wales\/cy\/","name":"Wild Seas Wales","description":"Discover \u2022 Enjoy \u2022 Respect","publisher":{"@id":"https:\/\/wildseas.wales\/cy\/#organization"},"potentialAction":[{"@type":"SearchAction","target":{"@type":"EntryPoint","urlTemplate":"https:\/\/wildseas.wales\/cy\/?s={search_term_string}"},"query-input":{"@type":"PropertyValueSpecification","valueRequired":true,"valueName":"search_term_string"}}],"inLanguage":"cy-GB"},{"@type":"Organization","@id":"https:\/\/wildseas.wales\/cy\/#organization","name":"Wild Seas Wales","url":"https:\/\/wildseas.wales\/cy\/","logo":{"@type":"ImageObject","inLanguage":"cy-GB","@id":"https:\/\/wildseas.wales\/cy\/#\/schema\/logo\/image\/","url":"https:\/\/wildseas.wales\/wp-content\/uploads\/2022\/09\/WILD-SEAS-WALES.svg","contentUrl":"https:\/\/wildseas.wales\/wp-content\/uploads\/2022\/09\/WILD-SEAS-WALES.svg","width":216,"height":129,"caption":"Wild Seas Wales"},"image":{"@id":"https:\/\/wildseas.wales\/cy\/#\/schema\/logo\/image\/"},"sameAs":["https:\/\/facebook.com\/wildseaswales","https:\/\/x.com\/wildseaswales","https:\/\/instagram.com\/wildseaswales"]}]}},"_links":{"self":[{"href":"https:\/\/wildseas.wales\/cy\/wp-json\/wp\/v2\/pages\/592","targetHints":{"allow":["GET"]}}],"collection":[{"href":"https:\/\/wildseas.wales\/cy\/wp-json\/wp\/v2\/pages"}],"about":[{"href":"https:\/\/wildseas.wales\/cy\/wp-json\/wp\/v2\/types\/page"}],"author":[{"embeddable":true,"href":"https:\/\/wildseas.wales\/cy\/wp-json\/wp\/v2\/users\/1"}],"replies":[{"embeddable":true,"href":"https:\/\/wildseas.wales\/cy\/wp-json\/wp\/v2\/comments?post=592"}],"version-history":[{"count":4,"href":"https:\/\/wildseas.wales\/cy\/wp-json\/wp\/v2\/pages\/592\/revisions"}],"predecessor-version":[{"id":1544,"href":"https:\/\/wildseas.wales\/cy\/wp-json\/wp\/v2\/pages\/592\/revisions\/1544"}],"up":[{"embeddable":true,"href":"https:\/\/wildseas.wales\/cy\/wp-json\/wp\/v2\/pages\/571"}],"wp:attachment":[{"href":"https:\/\/wildseas.wales\/cy\/wp-json\/wp\/v2\/media?parent=592"}],"curies":[{"name":"wp","href":"https:\/\/api.w.org\/{rel}","templated":true}]}}